{"id":575,"date":"2026-02-18T13:42:33","date_gmt":"2026-02-18T12:42:33","guid":{"rendered":"https:\/\/mireiaplech.com\/serveis\/"},"modified":"2026-03-12T13:53:38","modified_gmt":"2026-03-12T12:53:38","slug":"serveis","status":"publish","type":"page","link":"https:\/\/mireiaplech.com\/ca\/serveis\/","title":{"rendered":"Serveis"},"content":{"rendered":"<div class=\"wpb-content-wrapper\"><p>[vc_section full_width=&#8221;stretch_row&#8221; css=&#8221;.vc_custom_1771428076475{padding-top: 80px !important;padding-bottom: 80px !important;}&#8221; conditional_render=&#8221;%5B%7B%22value_role%22%3A%22administrator%22%7D%5D&#8221; css_params=&#8221;&#8221; el_id=&#8221;avaluacio&#8221;][vc_row][vc_column][vc_custom_heading text=&#8221;Serveis&#8221; font_container=&#8221;tag:h1|text_align:left&#8221; use_theme_fonts=&#8221;yes&#8221; el_class=&#8221;mlh_ocultar&#8221; css_params=&#8221;&#8221;][\/vc_column][\/vc_row][vc_row content_placement=&#8221;middle&#8221; conditional_render=&#8221;%5B%7B%22value_role%22%3A%22administrator%22%7D%5D&#8221; css_params=&#8221;&#8221;][vc_column width=&#8221;1\/2&#8243; css=&#8221;.vc_custom_1771503648007{porto_vc_design_option}&#8221; conditional_render=&#8221;%5B%7B%22value_role%22%3A%22administrator%22%7D%5D&#8221; css_params=&#8221;{&#8220;css_padding_bottom_md&#8220;:&#8220;50px&#8220;}&#8221; custom_css_response=&#8221;@media(max-width:767px){.vc_custom_1771503648007{padding-bottom:50px!important;}}&#8221; animation_type=&#8221;fadeInRight&#8221;][vc_custom_heading text=&#8221;Avaluaci\u00f3 i diagn\u00f2stic&#8221; use_theme_fonts=&#8221;yes&#8221;][vc_column_text css=&#8221;.vc_custom_1771425569507{margin-bottom: 40px !important;}&#8221; text_typography=&#8221;{&#8220;family&#8220;:&#8220;Default&#8220;,&#8220;variant&#8220;:&#8220;Default&#8220;,&#8220;font_size&#8220;:&#8220;1.2em&#8220;,&#8220;line_height&#8220;:&#8220;1.2em&#8220;,&#8220;letter_spacing&#8220;:&#8220;&#8220;,&#8220;text_transform&#8220;:&#8220;none&#8220;}&#8221; css_params=&#8221;&#8221;]El primer pas sempre \u00e9s con\u00e8ixer b\u00e9 l&#8217;infant i la seva situaci\u00f3. Per aix\u00f2 realitzo una avaluaci\u00f3 inicial que em permet observar les seves capacitats, detectar possibles dificultats i comprendre millor les seves necessitats.[\/vc_column_text][vc_custom_heading text=&#8221;Serveis de diagn\u00f2stic&#8221; font_container=&#8221;tag:h3|text_align:left&#8221; use_theme_fonts=&#8221;yes&#8221; css_params=&#8221;&#8221;][vc_column_text css=&#8221;&#8221; css_params=&#8221;&#8221;]<\/p>\n<ul>\n<li>Avaluacions del llenguatge i de la parla.<\/li>\n<li>Proves espec\u00edfiques de lectoescriptura (disl\u00e8xia, disgrafia, discalc\u00falia).<\/li>\n<li>Exploraci\u00f3 miofuncional i de la degluci\u00f3.<\/li>\n<li>Diagn\u00f2stic de Trastorns de l&#8217;Espectre Autista amb ADOS-2.<\/li>\n<li>Valoracions emocionals i conductuals en infants i adolescents.<\/li>\n<\/ul>\n<p>[\/vc_column_text][\/vc_column][vc_column width=&#8221;1\/2&#8243; animation_delay=&#8221;150&#8243; animation_type=&#8221;fadeInRight&#8221; conditional_render=&#8221;%5B%7B%22value_role%22%3A%22administrator%22%7D%5D&#8221; css_params=&#8221;&#8221;][vc_single_image image=&#8221;571&#8243; img_size=&#8221;full&#8221; css=&#8221;&#8221; img_object=&#8221;contain&#8221; img_width=&#8221;{&#8220;xl&#8220;:&#8220;100&#8220;,&#8220;unit&#8220;:&#8220;%&#8220;,&#8220;xs&#8220;:&#8220;&#8220;,&#8220;sm&#8220;:&#8220;&#8220;,&#8220;md&#8220;:&#8220;&#8220;,&#8220;lg&#8220;:&#8220;&#8220;}&#8221; css_params=&#8221;&#8221; label=&#8221;&#8221;][\/vc_column][\/vc_row][\/vc_section][vc_section full_width=&#8221;stretch_row&#8221; top_divider_type=&#8221;hills&#8221; bottom_divider_type=&#8221;hills&#8221; top_divider_invert=&#8221;true&#8221; bottom_divider_flip=&#8221;true&#8221; css=&#8221;.vc_custom_1771428089256{padding-top: 110px !important;padding-bottom: 90px !important;background-color: var(&#8211;porto-quaternary-color) !important;}&#8221; conditional_render=&#8221;%5B%7B%22value_role%22%3A%22administrator%22%7D%5D&#8221; css_params=&#8221;&#8221; top_divider_color=&#8221;#ffffff&#8221; top_divider_height=&#8221;35px&#8221; bottom_divider_color=&#8221;#ffffff&#8221; bottom_divider_height=&#8221;35px&#8221; el_id=&#8221;logopedia&#8221;][vc_row content_placement=&#8221;middle&#8221; conditional_render=&#8221;%5B%7B%22value_role%22%3A%22administrator%22%7D%5D&#8221; css_params=&#8221;&#8221;][vc_column width=&#8221;1\/2&#8243; el_class=&#8221;mlh_orden_despues&#8221; conditional_render=&#8221;%5B%7B%22value_role%22%3A%22administrator%22%7D%5D&#8221; css_params=&#8221;&#8221; animation_type=&#8221;fadeInRight&#8221;][vc_single_image image=&#8221;572&#8243; img_size=&#8221;full&#8221; css=&#8221;&#8221; img_object=&#8221;contain&#8221; img_width=&#8221;{&#8220;xl&#8220;:&#8220;100&#8220;,&#8220;unit&#8220;:&#8220;%&#8220;,&#8220;xs&#8220;:&#8220;&#8220;,&#8220;sm&#8220;:&#8220;&#8220;,&#8220;md&#8220;:&#8220;&#8220;,&#8220;lg&#8220;:&#8220;&#8220;}&#8221; css_params=&#8221;&#8221; img_height=&#8221;{&#8220;xl&#8220;:&#8220;425&#8220;,&#8220;unit&#8220;:&#8220;&#8220;,&#8220;xs&#8220;:&#8220;&#8220;,&#8220;sm&#8220;:&#8220;&#8220;,&#8220;md&#8220;:&#8220;&#8220;,&#8220;lg&#8220;:&#8220;&#8220;}&#8221; label=&#8221;&#8221;][\/vc_column][vc_column width=&#8221;1\/2&#8243; animation_delay=&#8221;150&#8243; css=&#8221;.vc_custom_1771503682674{porto_vc_design_option}&#8221; conditional_render=&#8221;%5B%7B%22value_role%22%3A%22administrator%22%7D%5D&#8221; css_params=&#8221;{&#8220;css_padding_bottom_md&#8220;:&#8220;20px&#8220;}&#8221; custom_css_response=&#8221;@media(max-width:767px){.vc_custom_1771503682674{padding-bottom:20px!important;}}&#8221; animation_type=&#8221;fadeInRight&#8221;][vc_custom_heading text=&#8221;Logop\u00e8dia&#8221; use_theme_fonts=&#8221;yes&#8221; css_params=&#8221;&#8221;][vc_column_text css=&#8221;.vc_custom_1771426612195{margin-bottom: 40px !important;}&#8221; text_typography=&#8221;{&#8220;family&#8220;:&#8220;Default&#8220;,&#8220;variant&#8220;:&#8220;Default&#8220;,&#8220;font_size&#8220;:&#8220;1.2em&#8220;,&#8220;line_height&#8220;:&#8220;1.2em&#8220;,&#8220;letter_spacing&#8220;:&#8220;&#8220;,&#8220;text_transform&#8220;:&#8220;none&#8220;}&#8221; css_params=&#8221;&#8221;]A trav\u00e9s de jocs, materials adaptats i activitats pr\u00e0ctiques, ajudo els infants a desenvolupar les seves habilitats comunicatives i ling\u00fc\u00edstiques. L&#8217;objectiu \u00e9s que cada sessi\u00f3 sigui un espai motivador i d&#8217;aprenentatge.[\/vc_column_text][vc_custom_heading text=&#8221;\u00c0rees d&apos;intervenci\u00f3&#8221; font_container=&#8221;tag:h3|text_align:left&#8221; use_theme_fonts=&#8221;yes&#8221; css_params=&#8221;&#8221;][vc_column_text css=&#8221;&#8221; css_params=&#8221;&#8221;]<\/p>\n<ul>\n<li>Alteracions en la pronunciaci\u00f3 i la parla (disl\u00e0lia, disf\u00e8mia, dis\u00e0rtria&#8230;).<\/li>\n<li>Retards i trastorns del llenguatge.<\/li>\n<li>Dificultats en la lectoescriptura.<\/li>\n<li>Alteracions miofuncionals.<\/li>\n<li>Trastorn de l&#8217;espectre autista.<\/li>\n<\/ul>\n<p>[\/vc_column_text][\/vc_column][\/vc_row][\/vc_section][vc_section full_width=&#8221;stretch_row&#8221; css=&#8221;.vc_custom_1771428103294{padding-top: 80px !important;padding-bottom: 80px !important;}&#8221; conditional_render=&#8221;%5B%7B%22value_role%22%3A%22administrator%22%7D%5D&#8221; css_params=&#8221;&#8221; el_id=&#8221;psicologia&#8221;][vc_row content_placement=&#8221;middle&#8221; conditional_render=&#8221;%5B%7B%22value_role%22%3A%22administrator%22%7D%5D&#8221; css_params=&#8221;&#8221;][vc_column width=&#8221;1\/2&#8243; css=&#8221;.vc_custom_1771503692934{porto_vc_design_option}&#8221; conditional_render=&#8221;%5B%7B%22value_role%22%3A%22administrator%22%7D%5D&#8221; css_params=&#8221;{&#8220;css_padding_bottom_md&#8220;:&#8220;30px&#8220;}&#8221; custom_css_response=&#8221;@media(max-width:767px){.vc_custom_1771503692934{padding-bottom:30px!important;}}&#8221; animation_type=&#8221;fadeInRight&#8221;][vc_custom_heading text=&#8221;Psicologia infantil&#8221; use_theme_fonts=&#8221;yes&#8221; css_params=&#8221;&#8221;][vc_column_text css=&#8221;.vc_custom_1771426748613{margin-bottom: 40px !important;}&#8221; text_typography=&#8221;{&#8220;family&#8220;:&#8220;Default&#8220;,&#8220;variant&#8220;:&#8220;Default&#8220;,&#8220;font_size&#8220;:&#8220;1.2em&#8220;,&#8220;line_height&#8220;:&#8220;1.2em&#8220;,&#8220;letter_spacing&#8220;:&#8220;&#8220;,&#8220;text_transform&#8220;:&#8220;none&#8220;}&#8221; css_params=&#8221;&#8221;]El benestar emocional \u00e9s clau per al desenvolupament d&#8217;un infant. Ofereixo un espai segur on pugui expressar les seves emocions, comprendre-les i aprendre a gestionar-les de manera saludable.[\/vc_column_text][vc_custom_heading text=&#8221;\u00c0rees de treball&#8221; font_container=&#8221;tag:h3|text_align:left&#8221; use_theme_fonts=&#8221;yes&#8221; css_params=&#8221;&#8221;][vc_column_text css=&#8221;&#8221; css_params=&#8221;&#8221;]<\/p>\n<ul>\n<li>Ansietat, pors i problemes emocionals.<\/li>\n<li>Dificultats de conducta.<\/li>\n<li>Desenvolupament d&#8217;habilitats socials.<\/li>\n<li>Ter\u00e0pia basada en la mentalitzaci\u00f3 (MBT-C i MBT-A).<\/li>\n<li>Orientaci\u00f3 i acompanyament a fam\u00edlies.<\/li>\n<\/ul>\n<p>[\/vc_column_text][\/vc_column][vc_column width=&#8221;1\/2&#8243; animation_delay=&#8221;150&#8243; animation_type=&#8221;fadeInRight&#8221; conditional_render=&#8221;%5B%7B%22value_role%22%3A%22administrator%22%7D%5D&#8221; css_params=&#8221;&#8221;][vc_single_image image=&#8221;573&#8243; img_size=&#8221;full&#8221; css=&#8221;&#8221; img_object=&#8221;contain&#8221; img_width=&#8221;{&#8220;xl&#8220;:&#8220;100&#8220;,&#8220;unit&#8220;:&#8220;%&#8220;,&#8220;xs&#8220;:&#8220;&#8220;,&#8220;sm&#8220;:&#8220;&#8220;,&#8220;md&#8220;:&#8220;&#8220;,&#8220;lg&#8220;:&#8220;&#8220;}&#8221; css_params=&#8221;&#8221; img_height=&#8221;{&#8220;xl&#8220;:&#8220;420&#8220;,&#8220;unit&#8220;:&#8220;&#8220;,&#8220;xs&#8220;:&#8220;&#8220;,&#8220;sm&#8220;:&#8220;&#8220;,&#8220;md&#8220;:&#8220;&#8220;,&#8220;lg&#8220;:&#8220;&#8220;}&#8221;][\/vc_column][\/vc_row][\/vc_section][vc_section full_width=&#8221;stretch_row&#8221; top_divider_type=&#8221;hills&#8221; bottom_divider_type=&#8221;hills&#8221; top_divider_flip=&#8221;true&#8221; top_divider_invert=&#8221;true&#8221; css=&#8221;.vc_custom_1771428116100{padding-top: 110px !important;padding-bottom: 90px !important;background-color: var(&#8211;porto-quaternary-color) !important;}&#8221; conditional_render=&#8221;%5B%7B%22value_role%22%3A%22administrator%22%7D%5D&#8221; css_params=&#8221;&#8221; top_divider_color=&#8221;#ffffff&#8221; top_divider_height=&#8221;35px&#8221; bottom_divider_color=&#8221;#ffffff&#8221; bottom_divider_height=&#8221;35px&#8221; el_id=&#8221;assessorament&#8221;][vc_row content_placement=&#8221;middle&#8221; conditional_render=&#8221;%5B%7B%22value_role%22%3A%22administrator%22%7D%5D&#8221; css_params=&#8221;&#8221;][vc_column width=&#8221;1\/2&#8243; el_class=&#8221;mlh_orden_despues&#8221; conditional_render=&#8221;%5B%7B%22value_role%22%3A%22administrator%22%7D%5D&#8221; css_params=&#8221;&#8221; animation_type=&#8221;fadeInRight&#8221;][vc_single_image image=&#8221;574&#8243; img_size=&#8221;full&#8221; css=&#8221;&#8221; img_object=&#8221;contain&#8221; img_width=&#8221;{&#8220;xl&#8220;:&#8220;100&#8220;,&#8220;unit&#8220;:&#8220;%&#8220;,&#8220;xs&#8220;:&#8220;&#8220;,&#8220;sm&#8220;:&#8220;&#8220;,&#8220;md&#8220;:&#8220;&#8220;,&#8220;lg&#8220;:&#8220;&#8220;}&#8221; css_params=&#8221;&#8221; img_height=&#8221;{&#8220;xl&#8220;:&#8220;500&#8220;,&#8220;unit&#8220;:&#8220;&#8220;,&#8220;xs&#8220;:&#8220;&#8220;,&#8220;sm&#8220;:&#8220;&#8220;,&#8220;md&#8220;:&#8220;&#8220;,&#8220;lg&#8220;:&#8220;&#8220;}&#8221;][\/vc_column][vc_column width=&#8221;1\/2&#8243; animation_delay=&#8221;150&#8243; css=&#8221;.vc_custom_1771503725093{porto_vc_design_option}&#8221; conditional_render=&#8221;%5B%7B%22value_role%22%3A%22administrator%22%7D%5D&#8221; css_params=&#8221;{&#8220;css_padding_bottom_md&#8220;:&#8220;20px&#8220;}&#8221; custom_css_response=&#8221;@media(max-width:767px){.vc_custom_1771503725093{padding-bottom:20px!important;}}&#8221; animation_type=&#8221;fadeInRight&#8221;][vc_custom_heading text=&#8221;Assessorament a fam\u00edlies i centres educatius&#8221; use_theme_fonts=&#8221;yes&#8221; css_params=&#8221;&#8221;][vc_column_text css=&#8221;.vc_custom_1771427218948{margin-bottom: 40px !important;}&#8221; text_typography=&#8221;{&#8220;family&#8220;:&#8220;Default&#8220;,&#8220;variant&#8220;:&#8220;Default&#8220;,&#8220;font_size&#8220;:&#8220;1.2em&#8220;,&#8220;line_height&#8220;:&#8220;1.2em&#8220;,&#8220;letter_spacing&#8220;:&#8220;&#8220;,&#8220;text_transform&#8220;:&#8220;none&#8220;}&#8221; css_params=&#8221;&#8221;]El treball en xarxa amb les fam\u00edlies i els centres educatius \u00e9s fonamental perqu\u00e8 els aven\u00e7os es consolidin. Acompanyo els pares i col\u00b7laboro amb altres professionals perqu\u00e8 l&#8217;infant se senti recolzat en tots els seus entorns.[\/vc_column_text][vc_custom_heading text=&#8221;Serveis d&apos;assessorament&#8221; font_container=&#8221;tag:h3|text_align:left&#8221; use_theme_fonts=&#8221;yes&#8221; css_params=&#8221;&#8221;][vc_column_text css=&#8221;&#8221; css_params=&#8221;&#8221;]<\/p>\n<ul>\n<li>Orientaci\u00f3 a pares sobre pautes i estrat\u00e8gies a casa.<\/li>\n<li>Coordinaci\u00f3 amb professors i especialistes.<\/li>\n<li>Seguiment conjunt per refor\u00e7ar els progressos de l&#8217;infant.<\/li>\n<\/ul>\n<p>[\/vc_column_text][\/vc_column][\/vc_row][\/vc_section][vc_section full_width=&#8221;stretch_row&#8221; css=&#8221;.vc_custom_1771415545457{padding-top: 80px !important;padding-bottom: 80px !important;}&#8221; conditional_render=&#8221;%5B%7B%22value_role%22%3A%22administrator%22%7D%5D&#8221; css_params=&#8221;&#8221;][vc_row][vc_column width=&#8221;1\/6&#8243;][\/vc_column][vc_column width=&#8221;4\/6&#8243; text_align=&#8221;center&#8221; conditional_render=&#8221;%5B%7B%22value_role%22%3A%22administrator%22%7D%5D&#8221; css_params=&#8221;&#8221; animation_type=&#8221;fadeInRight&#8221;][vc_custom_heading text=&#8221;Intervenci\u00f3 personalitzada en logop\u00e8dia i psicologia per <b>acompanyar<\/b> el desenvolupament comunicatiu, emocional i social del vostre fill.&#8221; font_container=&#8221;tag:h2|text_align:center&#8221; use_theme_fonts=&#8221;yes&#8221; css=&#8221;.vc_custom_1772637942464{margin-bottom: 30px !important;}&#8221; css_params=&#8221;&#8221;][vc_column_text css=&#8221;.vc_custom_1772637953479{margin-bottom: 40px !important;}&#8221; text_typography=&#8221;{&#8220;family&#8220;:&#8220;Default&#8220;,&#8220;variant&#8220;:&#8220;500&#8220;,&#8220;font_size&#8220;:&#8220;1.2em&#8220;,&#8220;line_height&#8220;:&#8220;1.2em&#8220;,&#8220;letter_spacing&#8220;:&#8220;&#8220;,&#8220;text_transform&#8220;:&#8220;&#8220;}&#8221; css_params=&#8221;&#8221;]Avaluem cada cas de forma individual per dissenyar un pla de treball adaptat a les seves necessitats.[\/vc_column_text][vc_btn title=&#8221;Sol\u00b7liciteu una cita&#8221; css=&#8221;.vc_custom_1771430289747{margin-bottom: 0px !important;}&#8221; link=&#8221;url:https%3A%2F%2Fmireiaplech.com%2Fca%2F%23contacte|&#8221; el_class=&#8221;mlh_btn&#8221; css_params=&#8221;&#8221;][\/vc_column][vc_column width=&#8221;1\/6&#8243;][\/vc_column][\/vc_row][\/vc_section]<\/p>\n<\/div>","protected":false},"excerpt":{"rendered":"<p>[vc_section full_width=&#8221;stretch_row&#8221; css=&#8221;.vc_custom_1771428076475{padding-top: 80px !important;padding-bottom: 80px !important;}&#8221; conditional_render=&#8221;%5B%7B%22value_role%22%3A%22administrator%22%7D%5D&#8221; css_params=&#8221;&#8221; el_id=&#8221;avaluacio&#8221;][vc_row][vc_column][vc_custom_heading text=&#8221;Serveis&#8221; font_container=&#8221;tag:h1|text_align:left&#8221; use_theme_fonts=&#8221;yes&#8221; el_class=&#8221;mlh_ocultar&#8221; css_params=&#8221;&#8221;][\/vc_column][\/vc_row][vc_row content_placement=&#8221;middle&#8221; conditional_render=&#8221;%5B%7B%22value_role%22%3A%22administrator%22%7D%5D&#8221; css_params=&#8221;&#8221;][vc_column width=&#8221;1\/2&#8243; css=&#8221;.vc_custom_1771503648007{porto_vc_design_option}&#8221; conditional_render=&#8221;%5B%7B%22value_role%22%3A%22administrator%22%7D%5D&#8221; css_params=&#8221;{&#8220;css_padding_bottom_md&#8220;:&#8220;50px&#8220;}&#8221; custom_css_response=&#8221;@media(max-width:767px){.vc_custom_1771503648007{padding-bottom:50px!important;}}&#8221; animation_type=&#8221;fadeInRight&#8221;][vc_custom_heading text=&#8221;Avaluaci\u00f3 i diagn\u00f2stic&#8221; use_theme_fonts=&#8221;yes&#8221;][vc_column_text css=&#8221;.vc_custom_1771425569507{margin-bottom: 40px !important;}&#8221; text_typography=&#8221;{&#8220;family&#8220;:&#8220;Default&#8220;,&#8220;variant&#8220;:&#8220;Default&#8220;,&#8220;font_size&#8220;:&#8220;1.2em&#8220;,&#8220;line_height&#8220;:&#8220;1.2em&#8220;,&#8220;letter_spacing&#8220;:&#8220;&#8220;,&#8220;text_transform&#8220;:&#8220;none&#8220;}&#8221; css_params=&#8221;&#8221;]El primer pas sempre \u00e9s con\u00e8ixer b\u00e9 l&#8217;infant i la seva situaci\u00f3. Per aix\u00f2 realitzo una avaluaci\u00f3 inicial que em permet observar les [&hellip;]<\/p>\n","protected":false},"author":5,"featured_media":0,"parent":0,"menu_order":0,"comment_status":"closed","ping_status":"closed","template":"","meta":{"_seopress_robots_primary_cat":"","_seopress_titles_title":"%%sitetitle%% %%sep%% %%post_title%%","_seopress_titles_desc":"Serveis de logop\u00e8dia i psicologia a Barcelona. Especialistes en dificultats de la parla, aprenentatge, ansietat i benestar emocional.","_seopress_robots_index":"","_seopress_analysis_target_kw":"","footnotes":""},"class_list":["post-575","page","type-page","status-publish","hentry"],"_links":{"self":[{"href":"https:\/\/mireiaplech.com\/ca\/wp-json\/wp\/v2\/pages\/575","targetHints":{"allow":["GET"]}}],"collection":[{"href":"https:\/\/mireiaplech.com\/ca\/wp-json\/wp\/v2\/pages"}],"about":[{"href":"https:\/\/mireiaplech.com\/ca\/wp-json\/wp\/v2\/types\/page"}],"author":[{"embeddable":true,"href":"https:\/\/mireiaplech.com\/ca\/wp-json\/wp\/v2\/users\/5"}],"replies":[{"embeddable":true,"href":"https:\/\/mireiaplech.com\/ca\/wp-json\/wp\/v2\/comments?post=575"}],"version-history":[{"count":2,"href":"https:\/\/mireiaplech.com\/ca\/wp-json\/wp\/v2\/pages\/575\/revisions"}],"predecessor-version":[{"id":580,"href":"https:\/\/mireiaplech.com\/ca\/wp-json\/wp\/v2\/pages\/575\/revisions\/580"}],"wp:attachment":[{"href":"https:\/\/mireiaplech.com\/ca\/wp-json\/wp\/v2\/media?parent=575"}],"curies":[{"name":"wp","href":"https:\/\/api.w.org\/{rel}","templated":true}]}}