{"id":591,"date":"2026-02-18T11:44:01","date_gmt":"2026-02-18T10:44:01","guid":{"rendered":"https:\/\/mireiaplech.com\/qui-soc\/"},"modified":"2026-03-12T15:21:45","modified_gmt":"2026-03-12T14:21:45","slug":"qui-soc","status":"publish","type":"page","link":"https:\/\/mireiaplech.com\/ca\/qui-soc\/","title":{"rendered":"Qui s\u00f3c"},"content":{"rendered":"<div class=\"wpb-content-wrapper\"><p>[vc_section full_width=&#8221;stretch_row&#8221; css=&#8221;.vc_custom_1771415574070{padding-top: 80px !important;padding-bottom: 60px !important;}&#8221; conditional_render=&#8221;%5B%7B%22value_role%22%3A%22administrator%22%7D%5D&#8221; css_params=&#8221;&#8221;][vc_row content_placement=&#8221;middle&#8221; conditional_render=&#8221;%5B%7B%22value_role%22%3A%22administrator%22%7D%5D&#8221; css_params=&#8221;&#8221;][vc_column width=&#8221;1\/2&#8243; css=&#8221;.vc_custom_1771503541232{padding-left: 100px !important;}&#8221; conditional_render=&#8221;%5B%7B%22value_role%22%3A%22administrator%22%7D%5D&#8221; css_params=&#8221;{&#8220;css_padding_left_xxl&#8220;:&#8220;60px&#8220;,&#8220;css_padding_left_xl&#8220;:&#8220;40px&#8220;,&#8220;css_padding_left_lg&#8220;:&#8220;20px&#8220;,&#8220;css_padding_right_md&#8220;:&#8220;17px&#8220;,&#8220;css_padding_left_md&#8220;:&#8220;17px&#8220;}&#8221; custom_css_response=&#8221;@media(max-width:porto-xxlpx){.vc_custom_1771503541232{padding-left:60px!important;}}@media(max-width:porto-xlpx){.vc_custom_1771503541232{padding-left:40px!important;}}@media(max-width:991px){.vc_custom_1771503541232{padding-left:20px!important;}}@media(max-width:767px){.vc_custom_1771503541232{padding-right:17px!important;padding-left:17px!important;}}&#8221; animation_type=&#8221;fadeInRight&#8221;][vc_custom_heading text=&#8221;<b>Mireia Plech<\/b>&#8221; font_container=&#8221;tag:h1|text_align:left&#8221; use_theme_fonts=&#8221;yes&#8221; css_params=&#8221;&#8221;][vc_column_text css=&#8221;.vc_custom_1771415399875{porto_vc_design_option}&#8221; css_params=&#8221;{&#8220;css_margin_bottom_md&#8220;:&#8220;50px&#8220;}&#8221; text_typography=&#8221;{&#8220;family&#8220;:&#8220;Default&#8220;,&#8220;variant&#8220;:&#8220;Default&#8220;,&#8220;font_size&#8220;:&#8220;1.1em&#8220;,&#8220;line_height&#8220;:&#8220;&#8220;,&#8220;letter_spacing&#8220;:&#8220;&#8220;,&#8220;text_transform&#8220;:&#8220;none&#8220;}&#8221; custom_css_response=&#8221;@media(max-width:767px){.vc_custom_1771415399875{margin-bottom:50px!important;}}&#8221;]S\u00f3c la Mireia Plech, logopeda i psic\u00f2loga. Des de fa m\u00e9s de deu anys acompanyo nens, adolescents i fam\u00edlies en el desenvolupament de la seva comunicaci\u00f3, aprenentatge i benestar emocional. Crec en una atenci\u00f3 propera, respectuosa i adaptada a cada nen, treballant sempre de la m\u00e0 de les fam\u00edlies.[\/vc_column_text][\/vc_column][vc_column width=&#8221;1\/2&#8243; animation_delay=&#8221;150&#8243; css=&#8221;.vc_custom_1771503554914{padding-right: 100px !important;padding-left: 100px !important;}&#8221; conditional_render=&#8221;%5B%7B%22value_role%22%3A%22administrator%22%7D%5D&#8221; css_params=&#8221;{&#8220;css_padding_right_xxl&#8220;:&#8220;60px&#8220;,&#8220;css_padding_left_xxl&#8220;:&#8220;60px&#8220;,&#8220;css_padding_right_xl&#8220;:&#8220;40px&#8220;,&#8220;css_padding_left_xl&#8220;:&#8220;40px&#8220;,&#8220;css_padding_right_lg&#8220;:&#8220;20px&#8220;,&#8220;css_padding_left_lg&#8220;:&#8220;20px&#8220;,&#8220;css_padding_right_md&#8220;:&#8220;17px&#8220;,&#8220;css_padding_left_md&#8220;:&#8220;17px&#8220;}&#8221; custom_css_response=&#8221;@media(max-width:porto-xxlpx){.vc_custom_1771503554914{padding-right:60px!important;padding-left:60px!important;}}@media(max-width:porto-xlpx){.vc_custom_1771503554914{padding-right:40px!important;padding-left:40px!important;}}@media(max-width:991px){.vc_custom_1771503554914{padding-right:20px!important;padding-left:20px!important;}}@media(max-width:767px){.vc_custom_1771503554914{padding-right:17px!important;padding-left:17px!important;}}&#8221; animation_type=&#8221;fadeInRight&#8221;][vc_single_image image=&#8221;590&#8243; img_size=&#8221;full&#8221; style=&#8221;vc_box_circle_2&#8243; css=&#8221;&#8221; img_object=&#8221;contain&#8221; css_params=&#8221;&#8221; img_width=&#8221;{&#8220;xl&#8220;:&#8220;100&#8220;,&#8220;unit&#8220;:&#8220;%&#8220;,&#8220;xs&#8220;:&#8220;&#8220;,&#8220;sm&#8220;:&#8220;&#8220;,&#8220;md&#8220;:&#8220;&#8220;,&#8220;lg&#8220;:&#8220;&#8220;}&#8221; img_height=&#8221;{&#8220;xl&#8220;:&#8220;380&#8220;,&#8220;unit&#8220;:&#8220;&#8220;,&#8220;xs&#8220;:&#8220;&#8220;,&#8220;sm&#8220;:&#8220;&#8220;,&#8220;md&#8220;:&#8220;&#8220;,&#8220;lg&#8220;:&#8220;&#8220;}&#8221;][\/vc_column][\/vc_row][\/vc_section][vc_section full_width=&#8221;stretch_row&#8221; parallax=&#8221;content-moving&#8221; parallax_image=&#8221;386&#8243; top_divider_type=&#8221;hills&#8221; bottom_divider_type=&#8221;hills&#8221; top_divider_invert=&#8221;true&#8221; bottom_divider_flip=&#8221;true&#8221; css=&#8221;.vc_custom_1771417285812{padding-top: 120px !important;padding-bottom: 80px !important;background-color: var(&#8211;porto-quaternary-color) !important;}&#8221; conditional_render=&#8221;%5B%7B%22value_role%22%3A%22administrator%22%7D%5D&#8221; css_params=&#8221;&#8221; el_class=&#8221;mlh_tintar_paralax&#8221; top_divider_color=&#8221;#ffffff&#8221; top_divider_height=&#8221;35px&#8221; bottom_divider_color=&#8221;#ffffff&#8221; bottom_divider_height=&#8221;35px&#8221;][vc_row gap=&#8221;35&#8243; conditional_render=&#8221;%5B%7B%22value_role%22%3A%22administrator%22%7D%5D&#8221; css_params=&#8221;&#8221;][vc_column width=&#8221;1\/2&#8243; conditional_render=&#8221;%5B%7B%22value_role%22%3A%22administrator%22%7D%5D&#8221; css_params=&#8221;&#8221; animation_type=&#8221;fadeInRight&#8221;]<div class=\"porto-sicon-box  vc_custom_1771490078464 mlh_box_rounded shadow  wpb_custom_45e7e8086ca94ccfa0ed01a4e0399e63 style_1 default-icon flex-wrap\"><div class=\"porto-sicon-header\"><h2 class=\"porto-sicon-title\" style=\"margin-bottom:15px;\">Formaci\u00f3<\/h2><\/div> <!-- header --><div class=\"porto-sicon-description\" style=\"\">Graduada a&nbsp;<strong>Logop\u00e8dia.<\/strong><br \/>Graduada a&nbsp;<strong>Psicologia.<\/strong><br \/><strong>M\u00e0ster en Psicoter\u00e0pia Psicoanal\u00edtica Contempor\u00e0nia&nbsp;<\/strong>\u2013 en curs.<\/p>\n<p>Especialitzaci\u00f3 a:<\/p>\n<ul>\n<li>Trastorns daprenentatge.<\/li>\n<li>Alteracions orofacials, de la parla i del llenguatge.<\/li>\n<li><strong>MBT-C y MBT-A<\/strong>&nbsp;(Tractament Basat en la Mentalitzaci\u00f3 per a nens i adolescents).<\/li>\n<li><strong>ADOS-2<\/strong>&nbsp;(eina diagn\u00f2stica per a autisme).<\/li>\n<\/ul>\n<p><\/div> <!-- description --><\/div><!-- porto-sicon-box -->[\/vc_column][vc_column width=&#8221;1\/2&#8243; animation_delay=&#8221;150&#8243; conditional_render=&#8221;%5B%7B%22value_role%22%3A%22administrator%22%7D%5D&#8221; css_params=&#8221;&#8221; animation_type=&#8221;fadeInRight&#8221;]<div class=\"porto-sicon-box  vc_custom_1771490093919 mlh_box_rounded shadow  wpb_custom_45e7e8086ca94ccfa0ed01a4e0399e63 style_1 default-icon flex-wrap\"><div class=\"porto-sicon-header\"><h2 class=\"porto-sicon-title\" style=\"margin-bottom:15px;\">Experi\u00e8ncia<\/h2><\/div> <!-- header --><div class=\"porto-sicon-description\" style=\"\">M\u00e9s de&nbsp;<strong>10 anys de traject\u00f2ria cl\u00ednica&nbsp;<\/strong>en gabinets privats, centres m\u00e8dics i escoles.<\/p>\n<p>Intervenci\u00f3 a:<\/p>\n<ul>\n<li>Diagn\u00f2stic.<\/li>\n<li>Dificultats de parla, llenguatge i lectoescriptura.<\/li>\n<li>Trastorns de l&#8217;aprenentatge (disl\u00e8xia, disgrafia, discalc\u00falia, TDAH\u2026).<\/li>\n<li>Trastorns de la comunicaci\u00f3 i autisme.<\/li>\n<li>Suport emocional i conductual en nens i adolescents.<\/li>\n<\/ul>\n<p><\/div> <!-- description --><\/div><!-- porto-sicon-box -->[\/vc_column][\/vc_row][\/vc_section][vc_section full_width=&#8221;stretch_row&#8221; css=&#8221;.vc_custom_1771415545457{padding-top: 80px !important;padding-bottom: 80px !important;}&#8221; conditional_render=&#8221;%5B%7B%22value_role%22%3A%22administrator%22%7D%5D&#8221; css_params=&#8221;&#8221;][vc_row css=&#8221;.vc_custom_1771594148684{margin-top: 30px !important;margin-bottom: 60px !important;}&#8221; conditional_render=&#8221;%5B%7B%22value_role%22%3A%22administrator%22%7D%5D&#8221; css_params=&#8221;&#8221;][vc_column animation_type=&#8221;fadeInRight&#8221; conditional_render=&#8221;%5B%7B%22value_role%22%3A%22administrator%22%7D%5D&#8221; css_params=&#8221;&#8221;]<div class=\"porto-gallery has-ccols ccols-1 has-ccols-spacing ccols-sm-2 ccols-md-3 ccols-lg-4 ccols-xl-6 wpb_custom_7087282f45ebda4c1aca5cdb7af69eb5 porto-carousel owl-carousel align-items-start lightbox\" data-plugin-options=\"{&quot;autoplay&quot;:true,&quot;autoplayHoverPause&quot;:true,&quot;loop&quot;:true,&quot;autoplayTimeout&quot;:4000,&quot;items&quot;:6,&quot;xl&quot;:6,&quot;lg&quot;:4,&quot;md&quot;:3,&quot;sm&quot;:2,&quot;xs&quot;:1,&quot;nav&quot;:true,&quot;dots&quot;:false,&quot;margin&quot;:10}\" data-lightbox-options=\"{&quot;delegate&quot;:&quot;a&quot;,&quot;mainClass&quot;:&quot;mfp-with-zoom&quot;,&quot;zoom&quot;:{&quot;enabled&quot;:true,&quot;duration&quot;:300},&quot;gallery&quot;:{&quot;enabled&quot;:true},&quot;type&quot;:&quot;image&quot;}\"><a href=\"https:\/\/mireiaplech.com\/wp-content\/uploads\/2026\/02\/WhatsApp-Image-2025-12-18-at-17.20.55-1.jpg\"><figure><img loading=\"lazy\" decoding=\"async\" width=\"1350\" height=\"1800\" src=\"https:\/\/mireiaplech.com\/wp-content\/uploads\/2026\/02\/WhatsApp-Image-2025-12-18-at-17.20.55-1.jpg\" class=\"attachment-full size-full\" alt=\"Mireia Plech - Logopedia y psicolog\u00eda\" srcset=\"https:\/\/mireiaplech.com\/wp-content\/uploads\/2026\/02\/WhatsApp-Image-2025-12-18-at-17.20.55-1.jpg 1350w, https:\/\/mireiaplech.com\/wp-content\/uploads\/2026\/02\/WhatsApp-Image-2025-12-18-at-17.20.55-1-768x1024.jpg 768w, https:\/\/mireiaplech.com\/wp-content\/uploads\/2026\/02\/WhatsApp-Image-2025-12-18-at-17.20.55-1-1152x1536.jpg 1152w, https:\/\/mireiaplech.com\/wp-content\/uploads\/2026\/02\/WhatsApp-Image-2025-12-18-at-17.20.55-1-640x853.jpg 640w, https:\/\/mireiaplech.com\/wp-content\/uploads\/2026\/02\/WhatsApp-Image-2025-12-18-at-17.20.55-1-400x533.jpg 400w\" sizes=\"auto, (max-width: 1350px) 100vw, 1350px\" \/><\/figure><\/a><a href=\"https:\/\/mireiaplech.com\/wp-content\/uploads\/2026\/02\/WhatsApp-Image-2025-12-18-at-17.20.55-2.jpg\"><figure><img loading=\"lazy\" decoding=\"async\" width=\"1425\" height=\"1900\" src=\"https:\/\/mireiaplech.com\/wp-content\/uploads\/2026\/02\/WhatsApp-Image-2025-12-18-at-17.20.55-2.jpg\" class=\"attachment-full size-full\" alt=\"Mireia Plech - Logopedia y psicolog\u00eda\" srcset=\"https:\/\/mireiaplech.com\/wp-content\/uploads\/2026\/02\/WhatsApp-Image-2025-12-18-at-17.20.55-2.jpg 1425w, https:\/\/mireiaplech.com\/wp-content\/uploads\/2026\/02\/WhatsApp-Image-2025-12-18-at-17.20.55-2-768x1024.jpg 768w, https:\/\/mireiaplech.com\/wp-content\/uploads\/2026\/02\/WhatsApp-Image-2025-12-18-at-17.20.55-2-1152x1536.jpg 1152w, https:\/\/mireiaplech.com\/wp-content\/uploads\/2026\/02\/WhatsApp-Image-2025-12-18-at-17.20.55-2-640x853.jpg 640w, https:\/\/mireiaplech.com\/wp-content\/uploads\/2026\/02\/WhatsApp-Image-2025-12-18-at-17.20.55-2-400x533.jpg 400w\" sizes=\"auto, (max-width: 1425px) 100vw, 1425px\" \/><\/figure><\/a><a href=\"https:\/\/mireiaplech.com\/wp-content\/uploads\/2026\/02\/WhatsApp-Image-2025-12-18-at-17.20.55-3.jpg\"><figure><img loading=\"lazy\" decoding=\"async\" width=\"1425\" height=\"1900\" src=\"https:\/\/mireiaplech.com\/wp-content\/uploads\/2026\/02\/WhatsApp-Image-2025-12-18-at-17.20.55-3.jpg\" class=\"attachment-full size-full\" alt=\"Mireia Plech - Logopedia y psicolog\u00eda\" srcset=\"https:\/\/mireiaplech.com\/wp-content\/uploads\/2026\/02\/WhatsApp-Image-2025-12-18-at-17.20.55-3.jpg 1425w, https:\/\/mireiaplech.com\/wp-content\/uploads\/2026\/02\/WhatsApp-Image-2025-12-18-at-17.20.55-3-768x1024.jpg 768w, https:\/\/mireiaplech.com\/wp-content\/uploads\/2026\/02\/WhatsApp-Image-2025-12-18-at-17.20.55-3-1152x1536.jpg 1152w, https:\/\/mireiaplech.com\/wp-content\/uploads\/2026\/02\/WhatsApp-Image-2025-12-18-at-17.20.55-3-640x853.jpg 640w, https:\/\/mireiaplech.com\/wp-content\/uploads\/2026\/02\/WhatsApp-Image-2025-12-18-at-17.20.55-3-400x533.jpg 400w\" sizes=\"auto, (max-width: 1425px) 100vw, 1425px\" \/><\/figure><\/a><a href=\"https:\/\/mireiaplech.com\/wp-content\/uploads\/2026\/02\/WhatsApp-Image-2025-12-18-at-17.20.55-4.jpg\"><figure><img loading=\"lazy\" decoding=\"async\" width=\"1425\" height=\"1900\" src=\"https:\/\/mireiaplech.com\/wp-content\/uploads\/2026\/02\/WhatsApp-Image-2025-12-18-at-17.20.55-4.jpg\" class=\"attachment-full size-full\" alt=\"Mireia Plech - Logopedia y psicolog\u00eda\" srcset=\"https:\/\/mireiaplech.com\/wp-content\/uploads\/2026\/02\/WhatsApp-Image-2025-12-18-at-17.20.55-4.jpg 1425w, https:\/\/mireiaplech.com\/wp-content\/uploads\/2026\/02\/WhatsApp-Image-2025-12-18-at-17.20.55-4-768x1024.jpg 768w, https:\/\/mireiaplech.com\/wp-content\/uploads\/2026\/02\/WhatsApp-Image-2025-12-18-at-17.20.55-4-1152x1536.jpg 1152w, https:\/\/mireiaplech.com\/wp-content\/uploads\/2026\/02\/WhatsApp-Image-2025-12-18-at-17.20.55-4-640x853.jpg 640w, https:\/\/mireiaplech.com\/wp-content\/uploads\/2026\/02\/WhatsApp-Image-2025-12-18-at-17.20.55-4-400x533.jpg 400w\" sizes=\"auto, (max-width: 1425px) 100vw, 1425px\" \/><\/figure><\/a><a href=\"https:\/\/mireiaplech.com\/wp-content\/uploads\/2026\/02\/WhatsApp-Image-2025-12-18-at-17.20.55-5.jpg\"><figure><img loading=\"lazy\" decoding=\"async\" width=\"1425\" height=\"1900\" src=\"https:\/\/mireiaplech.com\/wp-content\/uploads\/2026\/02\/WhatsApp-Image-2025-12-18-at-17.20.55-5.jpg\" class=\"attachment-full size-full\" alt=\"Mireia Plech - Logopedia y psicolog\u00eda\" srcset=\"https:\/\/mireiaplech.com\/wp-content\/uploads\/2026\/02\/WhatsApp-Image-2025-12-18-at-17.20.55-5.jpg 1425w, https:\/\/mireiaplech.com\/wp-content\/uploads\/2026\/02\/WhatsApp-Image-2025-12-18-at-17.20.55-5-768x1024.jpg 768w, https:\/\/mireiaplech.com\/wp-content\/uploads\/2026\/02\/WhatsApp-Image-2025-12-18-at-17.20.55-5-1152x1536.jpg 1152w, https:\/\/mireiaplech.com\/wp-content\/uploads\/2026\/02\/WhatsApp-Image-2025-12-18-at-17.20.55-5-640x853.jpg 640w, https:\/\/mireiaplech.com\/wp-content\/uploads\/2026\/02\/WhatsApp-Image-2025-12-18-at-17.20.55-5-400x533.jpg 400w\" sizes=\"auto, (max-width: 1425px) 100vw, 1425px\" \/><\/figure><\/a><a href=\"https:\/\/mireiaplech.com\/wp-content\/uploads\/2026\/02\/WhatsApp-Image-2025-12-18-at-17.20.55-6.jpg\"><figure><img loading=\"lazy\" decoding=\"async\" width=\"1425\" height=\"1900\" src=\"https:\/\/mireiaplech.com\/wp-content\/uploads\/2026\/02\/WhatsApp-Image-2025-12-18-at-17.20.55-6.jpg\" class=\"attachment-full size-full\" alt=\"Mireia Plech - Logopedia y psicolog\u00eda\" srcset=\"https:\/\/mireiaplech.com\/wp-content\/uploads\/2026\/02\/WhatsApp-Image-2025-12-18-at-17.20.55-6.jpg 1425w, https:\/\/mireiaplech.com\/wp-content\/uploads\/2026\/02\/WhatsApp-Image-2025-12-18-at-17.20.55-6-768x1024.jpg 768w, https:\/\/mireiaplech.com\/wp-content\/uploads\/2026\/02\/WhatsApp-Image-2025-12-18-at-17.20.55-6-1152x1536.jpg 1152w, https:\/\/mireiaplech.com\/wp-content\/uploads\/2026\/02\/WhatsApp-Image-2025-12-18-at-17.20.55-6-640x853.jpg 640w, https:\/\/mireiaplech.com\/wp-content\/uploads\/2026\/02\/WhatsApp-Image-2025-12-18-at-17.20.55-6-400x533.jpg 400w\" sizes=\"auto, (max-width: 1425px) 100vw, 1425px\" \/><\/figure><\/a><a href=\"https:\/\/mireiaplech.com\/wp-content\/uploads\/2026\/02\/WhatsApp-Image-2025-12-18-at-17.20.55.jpg\"><figure><img loading=\"lazy\" decoding=\"async\" width=\"1426\" height=\"1900\" src=\"https:\/\/mireiaplech.com\/wp-content\/uploads\/2026\/02\/WhatsApp-Image-2025-12-18-at-17.20.55.jpg\" class=\"attachment-full size-full\" alt=\"Mireia Plech - Logopedia y psicolog\u00eda\" srcset=\"https:\/\/mireiaplech.com\/wp-content\/uploads\/2026\/02\/WhatsApp-Image-2025-12-18-at-17.20.55.jpg 1426w, https:\/\/mireiaplech.com\/wp-content\/uploads\/2026\/02\/WhatsApp-Image-2025-12-18-at-17.20.55-769x1024.jpg 769w, https:\/\/mireiaplech.com\/wp-content\/uploads\/2026\/02\/WhatsApp-Image-2025-12-18-at-17.20.55-768x1023.jpg 768w, https:\/\/mireiaplech.com\/wp-content\/uploads\/2026\/02\/WhatsApp-Image-2025-12-18-at-17.20.55-1153x1536.jpg 1153w, https:\/\/mireiaplech.com\/wp-content\/uploads\/2026\/02\/WhatsApp-Image-2025-12-18-at-17.20.55-640x853.jpg 640w, https:\/\/mireiaplech.com\/wp-content\/uploads\/2026\/02\/WhatsApp-Image-2025-12-18-at-17.20.55-400x533.jpg 400w\" sizes=\"auto, (max-width: 1426px) 100vw, 1426px\" \/><\/figure><\/a><\/div>[\/vc_column][\/vc_row][vc_row][vc_column width=&#8221;1\/6&#8243;][\/vc_column][vc_column width=&#8221;4\/6&#8243; text_align=&#8221;center&#8221; conditional_render=&#8221;%5B%7B%22value_role%22%3A%22administrator%22%7D%5D&#8221; css_params=&#8221;&#8221; animation_type=&#8221;fadeInRight&#8221;][vc_custom_heading text=&#8221;Descobreix com podem <b>acompanyar <\/b>el desenvolupament emocional del teu fill&#8221; font_container=&#8221;tag:h2|text_align:center&#8221; use_theme_fonts=&#8221;yes&#8221; css=&#8221;.vc_custom_1771430216675{margin-bottom: 30px !important;}&#8221; css_params=&#8221;&#8221;][vc_column_text css=&#8221;.vc_custom_1771429973674{margin-bottom: 40px !important;}&#8221; text_typography=&#8221;{&#8220;family&#8220;:&#8220;Default&#8220;,&#8220;variant&#8220;:&#8220;500&#8220;,&#8220;font_size&#8220;:&#8220;1.2em&#8220;,&#8220;line_height&#8220;:&#8220;1.2em&#8220;,&#8220;letter_spacing&#8220;:&#8220;&#8220;,&#8220;text_transform&#8220;:&#8220;&#8220;}&#8221; css_params=&#8221;&#8221;]Constru\u00efm junts un espai on el teu petit es pugui expressar. Comen\u00e7a a donar-li les eines que necessita per sentir-se millor.[\/vc_column_text][vc_btn title=&#8221;Sol\u00b7liciteu una cita&#8221; css=&#8221;.vc_custom_1771430289747{margin-bottom: 0px !important;}&#8221; link=&#8221;url:https%3A%2F%2Fmireiaplech.com%2Fca%2F%23contacte|&#8221; el_class=&#8221;mlh_btn&#8221; css_params=&#8221;&#8221;][\/vc_column][vc_column width=&#8221;1\/6&#8243;][\/vc_column][\/vc_row][\/vc_section]<\/p>\n<\/div>","protected":false},"excerpt":{"rendered":"<p>[vc_section full_width=&#8221;stretch_row&#8221; css=&#8221;.vc_custom_1771415574070{padding-top: 80px !important;padding-bottom: 60px !important;}&#8221; conditional_render=&#8221;%5B%7B%22value_role%22%3A%22administrator%22%7D%5D&#8221; css_params=&#8221;&#8221;][vc_row content_placement=&#8221;middle&#8221; conditional_render=&#8221;%5B%7B%22value_role%22%3A%22administrator%22%7D%5D&#8221; css_params=&#8221;&#8221;][vc_column width=&#8221;1\/2&#8243; css=&#8221;.vc_custom_1771503541232{padding-left: 100px !important;}&#8221; conditional_render=&#8221;%5B%7B%22value_role%22%3A%22administrator%22%7D%5D&#8221; css_params=&#8221;{&#8220;css_padding_left_xxl&#8220;:&#8220;60px&#8220;,&#8220;css_padding_left_xl&#8220;:&#8220;40px&#8220;,&#8220;css_padding_left_lg&#8220;:&#8220;20px&#8220;,&#8220;css_padding_right_md&#8220;:&#8220;17px&#8220;,&#8220;css_padding_left_md&#8220;:&#8220;17px&#8220;}&#8221; custom_css_response=&#8221;@media(max-width:porto-xxlpx){.vc_custom_1771503541232{padding-left:60px!important;}}@media(max-width:porto-xlpx){.vc_custom_1771503541232{padding-left:40px!important;}}@media(max-width:991px){.vc_custom_1771503541232{padding-left:20px!important;}}@media(max-width:767px){.vc_custom_1771503541232{padding-right:17px!important;padding-left:17px!important;}}&#8221; animation_type=&#8221;fadeInRight&#8221;][vc_custom_heading text=&#8221;Mireia Plech&#8221; font_container=&#8221;tag:h1|text_align:left&#8221; use_theme_fonts=&#8221;yes&#8221; css_params=&#8221;&#8221;][vc_column_text css=&#8221;.vc_custom_1771415399875{porto_vc_design_option}&#8221; css_params=&#8221;{&#8220;css_margin_bottom_md&#8220;:&#8220;50px&#8220;}&#8221; text_typography=&#8221;{&#8220;family&#8220;:&#8220;Default&#8220;,&#8220;variant&#8220;:&#8220;Default&#8220;,&#8220;font_size&#8220;:&#8220;1.1em&#8220;,&#8220;line_height&#8220;:&#8220;&#8220;,&#8220;letter_spacing&#8220;:&#8220;&#8220;,&#8220;text_transform&#8220;:&#8220;none&#8220;}&#8221; custom_css_response=&#8221;@media(max-width:767px){.vc_custom_1771415399875{margin-bottom:50px!important;}}&#8221;]S\u00f3c la Mireia Plech, logopeda i psic\u00f2loga. Des de fa m\u00e9s de deu anys acompanyo nens, adolescents i fam\u00edlies en el desenvolupament de la seva comunicaci\u00f3, aprenentatge [&hellip;]<\/p>\n","protected":false},"author":5,"featured_media":0,"parent":0,"menu_order":0,"comment_status":"closed","ping_status":"closed","template":"","meta":{"_seopress_robots_primary_cat":"","_seopress_titles_title":"%%sitetitle%% %%sep%% %%post_title%%","_seopress_titles_desc":"Coneix la Mireia Plech, logopeda i psic\u00f2loga a Barcelona. Descobreix la seva traject\u00f2ria, valors i comprom\u00eds amb el benestar dels pacients.","_seopress_robots_index":"","_seopress_analysis_target_kw":"","footnotes":""},"class_list":["post-591","page","type-page","status-publish","hentry"],"_links":{"self":[{"href":"https:\/\/mireiaplech.com\/ca\/wp-json\/wp\/v2\/pages\/591","targetHints":{"allow":["GET"]}}],"collection":[{"href":"https:\/\/mireiaplech.com\/ca\/wp-json\/wp\/v2\/pages"}],"about":[{"href":"https:\/\/mireiaplech.com\/ca\/wp-json\/wp\/v2\/types\/page"}],"author":[{"embeddable":true,"href":"https:\/\/mireiaplech.com\/ca\/wp-json\/wp\/v2\/users\/5"}],"replies":[{"embeddable":true,"href":"https:\/\/mireiaplech.com\/ca\/wp-json\/wp\/v2\/comments?post=591"}],"version-history":[{"count":2,"href":"https:\/\/mireiaplech.com\/ca\/wp-json\/wp\/v2\/pages\/591\/revisions"}],"predecessor-version":[{"id":601,"href":"https:\/\/mireiaplech.com\/ca\/wp-json\/wp\/v2\/pages\/591\/revisions\/601"}],"wp:attachment":[{"href":"https:\/\/mireiaplech.com\/ca\/wp-json\/wp\/v2\/media?parent=591"}],"curies":[{"name":"wp","href":"https:\/\/api.w.org\/{rel}","templated":true}]}}