{"id":603,"date":"2022-05-02T14:23:29","date_gmt":"2022-05-02T13:23:29","guid":{"rendered":"https:\/\/mireiaplech.com\/inicio\/"},"modified":"2026-03-16T09:55:46","modified_gmt":"2026-03-16T08:55:46","slug":"inicio","status":"publish","type":"page","link":"https:\/\/mireiaplech.com\/ca\/","title":{"rendered":"Inicio"},"content":{"rendered":"<div class=\"wpb-content-wrapper\"><p>[vc_row][vc_column][vc_custom_heading text=&#8221;Mireia Plech&#8221; font_container=&#8221;tag:h1|text_align:left&#8221; use_theme_fonts=&#8221;yes&#8221; el_class=&#8221;mlh_h1&#8243; css_params=&#8221;&#8221;]<div class=\"porto-block\" data-id=\"583\"><style>.vc_custom_1769766445705{margin-top: -30px !important;padding-right: 20% !important;padding-left: 20% !important;}.vc_custom_1773326647366{margin-bottom: 40px !important;}.wpb_custom_c86c2fb53cae9eced42d4b8900a042f3 .owl-item:not(.active){opacity: 0.5}.wpb_custom_c86c2fb53cae9eced42d4b8900a042f3{--porto-el-spacing: 0px;}.wpb_custom_ea350dd41cb39151477787d9ed36d9dc.porto-u-heading .porto-u-main-heading > *{font-size:3em;}.wpb_custom_ea350dd41cb39151477787d9ed36d9dc .porto-u-sub-heading{font-size:1.3em;}.wpb_custom_ea350dd41cb39151477787d9ed36d9dc.porto-u-heading .porto-u-main-heading > *{line-height:1.1em;}.wpb_custom_ea350dd41cb39151477787d9ed36d9dc .porto-u-sub-heading{font-weight:500;line-height:1.3em;}<\/style>[vc_section full_width=\"stretch_row\" bottom_divider_type=\"hills\" bottom_divider_flip=\"true\" conditional_render=\"%5B%7B%22value_role%22%3A%22administrator%22%7D%5D\" css_params=\"\" bottom_divider_color=\"#ffffff\" bottom_divider_height=\"40px\"][vc_row full_width=\"stretch_row\" no_padding=\"yes\" el_class=\"mlh_slider overflow-hidden intro-section\" conditional_render=\"%5B%7B%22value_role%22%3A%22administrator%22%7D%5D\" el_id=\"slider\"][vc_column][vc_row_inner el_class=\"intro-banner\"][vc_column_inner el_class=\"h-100\"]<div class=\"porto-carousel owl-carousel has-ccols ccols-xl-1 ccols-lg-1 ccols-md-1 ccols-sm-1 ccols-1 custom-nav-style mb-0 h-100 wpb_custom_c86c2fb53cae9eced42d4b8900a042f3 nav-bottom\" data-plugin-options=\"{&quot;themeConfig&quot;:true,&quot;stagePadding&quot;:0,&quot;margin&quot;:0,&quot;autoplay&quot;:&quot;yes&quot;,&quot;mouseDrag&quot;:false,&quot;touchDrag&quot;:false,&quot;autoplayTimeout&quot;:6000,&quot;autoplayHoverPause&quot;:false,&quot;items&quot;:1,&quot;xl&quot;:1,&quot;lg&quot;:1,&quot;md&quot;:1,&quot;sm&quot;:1,&quot;xs&quot;:1,&quot;nav&quot;:&quot;yes&quot;,&quot;dots&quot;:false,&quot;animateIn&quot;:&quot;fadeIn&quot;,&quot;animateOut&quot;:&quot;fadeOut&quot;,&quot;loop&quot;:false,&quot;center&quot;:false,&quot;video&quot;:false,&quot;lazyLoad&quot;:false,&quot;fullscreen&quot;:false}\"><div class=\"porto-ibanner interactive-banner-wrap-07dd21040fa50768c9d370ae74e47015 mb-0 slide-1\" style=\"background:#f2f2f2;\"><div class=\"banner-effect-wrapper\"><div class=\"banner-effect kenBurnsToRightTop\" style=\"background-image: url(https:\/\/mireiaplech.com\/wp-content\/uploads\/2023\/04\/banner-2-scaled.jpg); background-size: cover;background-position: center;animation-duration: 15s;\"><\/div><\/div><img loading=\"lazy\" decoding=\"async\" alt=\"Mireia Plech\" width=\"2560\" height=\"1799\" class=\"porto-ibanner-img invisible\" src=\"https:\/\/mireiaplech.com\/wp-content\/uploads\/2023\/04\/banner-2-scaled.jpg\" srcset=\"https:\/\/mireiaplech.com\/wp-content\/uploads\/2023\/04\/banner-2-scaled.jpg 2560w, https:\/\/mireiaplech.com\/wp-content\/uploads\/2023\/04\/banner-2-1024x720.jpg 1024w, https:\/\/mireiaplech.com\/wp-content\/uploads\/2023\/04\/banner-2-768x540.jpg 768w, https:\/\/mireiaplech.com\/wp-content\/uploads\/2023\/04\/banner-2-1536x1079.jpg 1536w, https:\/\/mireiaplech.com\/wp-content\/uploads\/2023\/04\/banner-2-2048x1439.jpg 2048w, https:\/\/mireiaplech.com\/wp-content\/uploads\/2023\/04\/banner-2-640x450.jpg 640w, https:\/\/mireiaplech.com\/wp-content\/uploads\/2023\/04\/banner-2-400x281.jpg 400w\" sizes=\"auto, (max-width: 2560px) 100vw, 2560px\"><div class=\"porto-ibanner-desc no-padding d-flex\"><div class=\"container\"><div class=\"porto-ibanner-container\"><div class=\"porto-ibanner-layer vc_custom_1769766445705 wpb_custom_2c5109c031829f9c54153ed0e6239ff6 banner-pos-f6356757d4f73384a3f5bc65723ae83a\" style=\"width:100%;\"><div class=\"porto-u-heading  wpb_custom_ea350dd41cb39151477787d9ed36d9dc porto-u-55ca8359258f9a412be7e73af65d2aac  vc_custom_1773326647366\" data-appear-animation=\"fadeInUp\" data-appear-animation-delay=\"300\"><div class=\"porto-u-main-heading\"><h2   style=\"margin-bottom: 25px;\">Hola, s\u00f3c <b>Mireia Plech<\/b>!<\/h2><\/div><div class=\"porto-u-sub-heading\" style=\"margin-bottom:8px;\">Logopeda i psic\u00f2loga. Acompanyo nens i adolescents en el desenvolupament del seu llenguatge, comunicaci\u00f3 i benestar emocional.<\/div><style>.porto-u-55ca8359258f9a412be7e73af65d2aac.porto-u-heading{text-align:center}<\/style><\/div>[vc_btn title=\"Sol\u00b7licitar una cita\" align=\"center\" animation_delay=\"300\" custom_onclick=\"true\" link=\"url:https%3A%2F%2Fmireiaplech.com%2Fca%2F%23contacte\" el_class=\"mlh_btn\" css_params=\"\" animation_type=\"fadeInUp\" custom_onclick_code=\"window.theme.scrolltoContainer(jQuery(``#contacte``));return false;\"]<style>.banner-pos-f6356757d4f73384a3f5bc65723ae83a {left: 50%;right: unset;top: 50%;bottom: unset;transform: translate(-50%, -50%);}<\/style><\/div><\/div><\/div><\/div><\/div><\/div>[\/vc_column_inner][\/vc_row_inner][\/vc_column][\/vc_row][\/vc_section]<\/div>[\/vc_column][\/vc_row][vc_section full_width=&#8221;stretch_row&#8221; css=&#8221;.vc_custom_1769770037636{padding-top: 80px !important;padding-bottom: 40px !important;}&#8221; conditional_render=&#8221;%5B%7B%22value_role%22%3A%22administrator%22%7D%5D&#8221; css_params=&#8221;&#8221;][vc_row content_placement=&#8221;middle&#8221; conditional_render=&#8221;%5B%7B%22value_role%22%3A%22administrator%22%7D%5D&#8221; css_params=&#8221;&#8221;][vc_column width=&#8221;1\/2&#8243; animation_type=&#8221;fadeInRight&#8221; conditional_render=&#8221;%5B%7B%22value_role%22%3A%22administrator%22%7D%5D&#8221; css_params=&#8221;&#8221;][vc_custom_heading text=&#8221;Hola i benvinguda\/ut!&#8221; use_theme_fonts=&#8221;yes&#8221; css_params=&#8221;&#8221;][vc_column_text css=&#8221;.vc_custom_1771502476031{margin-bottom: 40px !important;}&#8221; css_params=&#8221;&#8221;]S\u00f3c\u00a0<strong>Mireia Plech<\/strong>, logopeda i psic\u00f2loga. Acompanyo nens i adolescents en el desenvolupament del seu llenguatge, comunicaci\u00f3 i benestar emocional. El meu objectiu \u00e9s que cadasc\u00fa pugui expressar-se, aprendre i relacionar-se de la millor manera possible.<\/p>\n<p>Amb m\u00e9s de 10 anys d&#8217;experi\u00e8ncia en logop\u00e8dia i psicologia, i formaci\u00f3 especialitzada en\u00a0<strong>trastorns de l&#8217;aprenentatge i tractaments basats en la mentalitzaci\u00f3 (MBT)<\/strong>, ofereixo un enfocament integral i personalitzat per a cada fam\u00edlia.<\/p>\n<p>A la consulta trobar\u00e0s un espai\u00a0<strong>c\u00e0lid, proper i professional<\/strong>, on treballem plegats per potenciar les habilitats comunicatives i emocionals dels nens i donar suport tamb\u00e9 a les seves fam\u00edlies.<\/p>\n<p>T&#8217;invito a rec\u00f3rrer aquesta p\u00e0gina i descobrir com et puc ajudar.[\/vc_column_text][vc_btn title=&#8221;M\u00e9s informaci\u00f3&#8221; link=&#8221;url:https%3A%2F%2Fmireiaplech.com%2Fca%2Fqui-soc%2F|&#8221; el_class=&#8221;mlh_btn_2&#8243; css_params=&#8221;&#8221;][\/vc_column][vc_column width=&#8221;1\/2&#8243; animation_delay=&#8221;150&#8243; css=&#8221;.vc_custom_1771503430105{padding-left: 80px !important;}&#8221; conditional_render=&#8221;%5B%7B%22value_role%22%3A%22administrator%22%7D%5D&#8221; css_params=&#8221;{&#8220;css_padding_left_xxl&#8220;:&#8220;50px&#8220;,&#8220;css_padding_left_xl&#8220;:&#8220;30px&#8220;,&#8220;css_padding_left_lg&#8220;:&#8220;25px&#8220;,&#8220;css_padding_right_md&#8220;:&#8220;17px&#8220;,&#8220;css_padding_left_md&#8220;:&#8220;17px&#8220;}&#8221; custom_css_response=&#8221;@media(max-width:porto-xxlpx){.vc_custom_1771503430105{padding-left:50px!important;}}@media(max-width:porto-xlpx){.vc_custom_1771503430105{padding-left:30px!important;}}@media(max-width:991px){.vc_custom_1771503430105{padding-left:25px!important;}}@media(max-width:767px){.vc_custom_1771503430105{padding-right:17px!important;padding-left:17px!important;}}&#8221; animation_type=&#8221;fadeInRight&#8221;][vc_single_image image=&#8221;602&#8243; img_size=&#8221;829&#215;757&#8243; css=&#8221;&#8221; img_object=&#8221;contain&#8221; img_width=&#8221;{&#8220;xl&#8220;:&#8220;100&#8220;,&#8220;unit&#8220;:&#8220;%&#8220;,&#8220;xs&#8220;:&#8220;&#8220;,&#8220;sm&#8220;:&#8220;&#8220;,&#8220;md&#8220;:&#8220;&#8220;,&#8220;lg&#8220;:&#8220;&#8220;}&#8221; img_height=&#8221;{&#8220;xl&#8220;:&#8220;430&#8220;,&#8220;unit&#8220;:&#8220;&#8220;,&#8220;xs&#8220;:&#8220;&#8220;,&#8220;sm&#8220;:&#8220;&#8220;,&#8220;md&#8220;:&#8220;&#8220;,&#8220;lg&#8220;:&#8220;&#8220;}&#8221; css_params=&#8221;&#8221;][\/vc_column][\/vc_row][\/vc_section][vc_section full_width=&#8221;stretch_row&#8221; parallax=&#8221;content-moving&#8221; parallax_image=&#8221;386&#8243; top_divider_type=&#8221;hills&#8221; bottom_divider_type=&#8221;hills&#8221; top_divider_invert=&#8221;true&#8221; bottom_divider_flip=&#8221;true&#8221; css=&#8221;.vc_custom_1771412303924{padding-top: 125px !important;padding-bottom: 100px !important;background-color: var(&#8211;porto-quaternary-color) !important;}&#8221; top_divider_color=&#8221;#ffffff&#8221; top_divider_height=&#8221;35px&#8221; conditional_render=&#8221;%5B%7B%22value_role%22%3A%22administrator%22%7D%5D&#8221; css_params=&#8221;&#8221; bottom_divider_color=&#8221;#ffffff&#8221; bottom_divider_height=&#8221;35px&#8221; el_class=&#8221;mlh_tintar_paralax&#8221;][vc_row el_class=&#8221;mlh_responsive_columns mlh_justify_content&#8221; conditional_render=&#8221;%5B%7B%22value_role%22%3A%22administrator%22%7D%5D&#8221; css_params=&#8221;&#8221;][vc_column width=&#8221;1\/4&#8243; animation_type=&#8221;fadeInRight&#8221; conditional_render=&#8221;%5B%7B%22value_role%22%3A%22administrator%22%7D%5D&#8221; css_params=&#8221;&#8221;]<a aria-label=\"Avaluaci\u00f3 i diagn\u00f2stic\" class=\"porto-sicon-box-link\" href=\"https:\/\/mireiaplech.com\/ca\/serveis\/#avaluacio\" title='Servicios'><div class=\"porto-sicon-box  vc_custom_1773326491759 mlh_box_servicio shadow  wpb_custom_2a9803d0e9b0cf6756dfa0199d8af0e6 style_1 top-icon\"><div class=\"porto-sicon-header\"><h3 class=\"porto-sicon-title\" style=\"\">Avaluaci\u00f3 i diagn\u00f2stic<\/h3><\/div> <!-- header --><div class=\"porto-sicon-description\" style=\"color:#0a0a0a;\">El primer pas sempre \u00e9s con\u00e8ixer b\u00e9 el nen i la seva situaci\u00f3. Es realitza una avaluaci\u00f3 inicial per observar-ne les capacitats, detectar possibles dificultats i comprendre millor les seves necessitats.<\/div> <!-- description --><\/div><!-- porto-sicon-box --><\/a>[\/vc_column][vc_column width=&#8221;1\/4&#8243; animation_delay=&#8221;150&#8243; animation_type=&#8221;fadeInRight&#8221; conditional_render=&#8221;%5B%7B%22value_role%22%3A%22administrator%22%7D%5D&#8221; css_params=&#8221;&#8221;]<a aria-label=\"Logop\u00e8dia\" class=\"porto-sicon-box-link\" href=\"https:\/\/mireiaplech.com\/ca\/serveis\/#logopedia\" title='Servicios'><div class=\"porto-sicon-box  vc_custom_1773332230850 mlh_box_servicio shadow  wpb_custom_2a9803d0e9b0cf6756dfa0199d8af0e6 style_1 top-icon\"><div class=\"porto-sicon-header\"><h3 class=\"porto-sicon-title\" style=\"margin-top:10px;margin-bottom:15px;\">Logop\u00e8dia<\/h3><\/div> <!-- header --><div class=\"porto-sicon-description\" style=\"color:#0a0a0a;\">A trav\u00e9s de jocs i activitats pr\u00e0ctiques, ajudo els nens a desenvolupar les seves habilitats comunicatives i ling\u00fc\u00edstiques. L&#8217;objectiu \u00e9s que cada sessi\u00f3 sigui un espai motivador i d&#8217;aprenentatge.<\/div> <!-- description --><\/div><!-- porto-sicon-box --><\/a>[\/vc_column][vc_column width=&#8221;1\/4&#8243; animation_delay=&#8221;300&#8243; animation_type=&#8221;fadeInRight&#8221; conditional_render=&#8221;%5B%7B%22value_role%22%3A%22administrator%22%7D%5D&#8221; css_params=&#8221;&#8221;]<a aria-label=\"Psicologia infantil\" class=\"porto-sicon-box-link\" href=\"https:\/\/mireiaplech.com\/ca\/serveis\/#psicologia\" title='Servicios'><div class=\"porto-sicon-box  vc_custom_1773326760770 mlh_box_servicio shadow  wpb_custom_a6715ecc7548232a2227cb4bc149bc44 style_1 top-icon\"><div class=\"porto-sicon-header\"><h3 class=\"porto-sicon-title\" style=\"\">Psicologia infantil<\/h3><\/div> <!-- header --><div class=\"porto-sicon-description\" style=\"color:#0a0a0a;\">El benestar emocional \u00e9s clau per al desenvolupament d&#8217;un infant. Ofereixo un espai segur on pugui expressar les seves emocions, comprendre-les i aprendre a gestionar-les de manera saludable.<\/div> <!-- description --><\/div><!-- porto-sicon-box --><\/a>[\/vc_column][vc_column width=&#8221;1\/4&#8243; animation_delay=&#8221;450&#8243; animation_type=&#8221;fadeInRight&#8221; conditional_render=&#8221;%5B%7B%22value_role%22%3A%22administrator%22%7D%5D&#8221; css_params=&#8221;&#8221;]<a aria-label=\"Assessorament a fam\u00edlies i centres educatius\" class=\"porto-sicon-box-link\" href=\"https:\/\/mireiaplech.com\/ca\/serveis\/#assessorament\" title='Servicios'><div class=\"porto-sicon-box  vc_custom_1773326539790 mlh_box_servicio shadow  wpb_custom_53a8a8cab936d99d376415a18b44c913 style_1 top-icon\"><div class=\"porto-sicon-header\"><h3 class=\"porto-sicon-title\" style=\"\">Assessorament a fam\u00edlies i centres educatius<\/h3><\/div> <!-- header --><div class=\"porto-sicon-description\" style=\"color:#0a0a0a;\">La feina amb les fam\u00edlies i els centres educatius \u00e9s fonamental. Acompanyo els pares i col\u00b7laboro amb altres professionals perqu\u00e8 el nen se senti recolzat en tots els seus entorns.<\/div> <!-- description --><\/div><!-- porto-sicon-box --><\/a>[\/vc_column][\/vc_row][\/vc_section][vc_section full_width=&#8221;stretch_row&#8221; css=&#8221;.vc_custom_1771496574420{padding-top: 80px !important;padding-bottom: 40px !important;}&#8221; conditional_render=&#8221;%5B%7B%22value_role%22%3A%22administrator%22%7D%5D&#8221; css_params=&#8221;&#8221; el_id=&#8221;contacte&#8221;][vc_row gap=&#8221;35&#8243; conditional_render=&#8221;%5B%7B%22value_role%22%3A%22administrator%22%7D%5D&#8221; css_params=&#8221;&#8221;][vc_column width=&#8221;1\/2&#8243; css=&#8221;.vc_custom_1771503482099{padding-right: 120px !important;}&#8221; conditional_render=&#8221;%5B%7B%22value_role%22%3A%22administrator%22%7D%5D&#8221; css_params=&#8221;{&#8220;css_padding_right_xxl&#8220;:&#8220;80px&#8220;,&#8220;css_padding_right_xl&#8220;:&#8220;40px&#8220;,&#8220;css_padding_right_lg&#8220;:&#8220;0px&#8220;,&#8220;css_padding_right_md&#8220;:&#8220;17px&#8220;,&#8220;css_padding_bottom_md&#8220;:&#8220;50px&#8220;,&#8220;css_padding_left_md&#8220;:&#8220;17px&#8220;}&#8221; custom_css_response=&#8221;@media(max-width:porto-xxlpx){.vc_custom_1771503482099{padding-right:80px!important;}}@media(max-width:porto-xlpx){.vc_custom_1771503482099{padding-right:40px!important;}}@media(max-width:991px){.vc_custom_1771503482099{padding-right:0px!important;}}@media(max-width:767px){.vc_custom_1771503482099{padding-right:17px!important;padding-bottom:50px!important;padding-left:17px!important;}}&#8221; animation_type=&#8221;fadeInRight&#8221;][vc_custom_heading text=&#8221;Contacta amb mi&#8221; use_theme_fonts=&#8221;yes&#8221; css=&#8221;.vc_custom_1771495711433{margin-bottom: 10px !important;}&#8221; css_params=&#8221;&#8221;][vc_column_text css=&#8221;.vc_custom_1771499088549{margin-bottom: 40px !important;}&#8221; text_typography=&#8221;{&#8220;family&#8220;:&#8220;Default&#8220;,&#8220;variant&#8220;:&#8220;500&#8220;,&#8220;font_size&#8220;:&#8220;1.2em&#8220;,&#8220;line_height&#8220;:&#8220;1.2em&#8220;,&#8220;letter_spacing&#8220;:&#8220;&#8220;,&#8220;text_transform&#8220;:&#8220;none&#8220;}&#8221; css_params=&#8221;&#8221; custom_css_response=&#8221;@media(max-width:porto-xxlpx){.vc_custom_1771496615176{padding-right:80px!important;}}@media(max-width:porto-xlpx){.vc_custom_1771496615176{padding-right:40px!important;}}@media(max-width:991px){.vc_custom_1771496615176{padding-right:0px!important;}}@media(max-width:767px){.vc_custom_1771496615176{padding-right:0px!important;padding-left:0px!important;}}&#8221;]Reserva un moment per parlar i resoldre els teus dubtes amb tranquil\u00b7litat.[\/vc_column_text]<div class=\"porto-container container mlh_flex_align \"><a aria-label=\"625 11 32 17\" class=\"porto-sicon-box-link\" href=\"tel:+34625113217\" target='_blank'><div class=\"porto-sicon-box  vc_custom_1771496871718  wpb_custom_e37bd0cf151e7582c2c4fa9bab5ab388 style_1 default-icon\"><div class=\"porto-sicon-default\"><div class=\"porto-just-icon-wrapper porto-icon none\" style=\"color:var(--porto-tertiary-color);font-size:24px;\"><i class=\"fas fa-phone\"><\/i><\/div><\/div><div class=\"porto-sicon-header\"><div class=\"porto-sicon-title\" style=\"color:#0a0a0a;\">625 11 32 17<\/div><\/div> <!-- header --><\/div><!-- porto-sicon-box --><\/a><div class=\"share-links wpb_custom_4fffb8855d91f4e1813a3757992cb359\">\t\t<a  rel=\"nofollow noopener noreferrer\" class=\"share-whatsapp\" style=\"display:none\" href=\"whatsapp:\/\/send?text=+34625113217\" data-action=\"share\/whatsapp\/share\" aria-label=\"WhatsApp\" title=\"WhatsApp\">WhatsApp<\/a>\r\n\t\t<\/div><\/div><a aria-label=\"mplech.imagina@gmail.com\" class=\"porto-sicon-box-link\" href=\"mailto:mplech.imagina@gmail.com\" target='_blank'><div class=\"porto-sicon-box  wpb_custom_e37bd0cf151e7582c2c4fa9bab5ab388 style_1 default-icon\"><div class=\"porto-sicon-default\"><div class=\"porto-just-icon-wrapper porto-icon none\" style=\"color:var(--porto-tertiary-color);font-size:24px;\"><i class=\"fas fa-envelope\"><\/i><\/div><\/div><div class=\"porto-sicon-header\"><div class=\"porto-sicon-title\" style=\"color:#0a0a0a;\">mplech.imagina@gmail.com<\/div><\/div> <!-- header --><\/div><!-- porto-sicon-box --><\/a><a aria-label=\"Calle Balmes 209, 6-2, Barcelona.\" class=\"porto-sicon-box-link\" href=\"https:\/\/maps.app.goo.gl\/iwrTQimj5fub8DrHA\" target='_blank'><div class=\"porto-sicon-box  wpb_custom_e37bd0cf151e7582c2c4fa9bab5ab388 style_1 default-icon\"><div class=\"porto-sicon-default\"><div class=\"porto-just-icon-wrapper porto-icon none\" style=\"color:var(--porto-tertiary-color);font-size:24px;\"><i class=\"fas fa-location-arrow\"><\/i><\/div><\/div><div class=\"porto-sicon-header\"><div class=\"porto-sicon-title\" style=\"color:#0a0a0a;\">Calle Balmes 209, 6-2, Barcelona.<\/div><\/div> <!-- header --><\/div><!-- porto-sicon-box --><\/a>[vc_custom_heading text=&#8221;Tamb\u00e9 realitzem sessions en l\u00ednia i a domicili a Barcelona.&#8221; font_container=&#8221;tag:div|text_align:left&#8221; use_theme_fonts=&#8221;yes&#8221; css=&#8221;.vc_custom_1771502120317{margin-top: 35px !important;padding-right: 120px !important;}&#8221; css_params=&#8221;{&#8220;css_padding_right_xxl&#8220;:&#8220;80px&#8220;,&#8220;css_padding_right_xl&#8220;:&#8220;40px&#8220;,&#8220;css_padding_right_lg&#8220;:&#8220;20px&#8220;,&#8220;css_padding_right_md&#8220;:&#8220;80px&#8220;}&#8221; custom_css_response=&#8221;@media(max-width:porto-xxlpx){.vc_custom_1771502120317{padding-right:80px!important;}}@media(max-width:porto-xlpx){.vc_custom_1771502120317{padding-right:40px!important;}}@media(max-width:991px){.vc_custom_1771502120317{padding-right:20px!important;}}@media(max-width:767px){.vc_custom_1771502120317{padding-right:80px!important;}}&#8221;][\/vc_column][vc_column width=&#8221;1\/2&#8243; animation_delay=&#8221;150&#8243; animation_type=&#8221;fadeInRight&#8221; conditional_render=&#8221;%5B%7B%22value_role%22%3A%22administrator%22%7D%5D&#8221; css_params=&#8221;&#8221;]\n<div class=\"wpcf7 no-js\" id=\"wpcf7-f581-o1\" lang=\"ca\" dir=\"ltr\" data-wpcf7-id=\"581\">\n<div class=\"screen-reader-response\"><p role=\"status\" aria-live=\"polite\" aria-atomic=\"true\"><\/p> <ul><\/ul><\/div>\n<form action=\"\/ca\/wp-json\/wp\/v2\/pages\/603#wpcf7-f581-o1\" method=\"post\" class=\"wpcf7-form init\" aria-label=\"Formulari de contacte\" novalidate=\"novalidate\" data-status=\"init\">\n<fieldset class=\"hidden-fields-container\"><input type=\"hidden\" name=\"_wpcf7\" value=\"581\" \/><input type=\"hidden\" name=\"_wpcf7_version\" value=\"6.1.5\" \/><input type=\"hidden\" name=\"_wpcf7_locale\" value=\"ca\" \/><input type=\"hidden\" name=\"_wpcf7_unit_tag\" value=\"wpcf7-f581-o1\" \/><input type=\"hidden\" name=\"_wpcf7_container_post\" value=\"0\" \/><input type=\"hidden\" name=\"_wpcf7_posted_data_hash\" value=\"\" \/>\n<\/fieldset>\n<div class=\"left\"><span class=\"wpcf7-form-control-wrap\" data-name=\"your-name\"><input size=\"40\" maxlength=\"400\" class=\"wpcf7-form-control wpcf7-text wpcf7-validates-as-required\" aria-required=\"true\" aria-invalid=\"false\" placeholder=\"Nom *\" value=\"\" type=\"text\" name=\"your-name\" \/><\/span><\/div>\n\n<div class=\"right\"><span class=\"wpcf7-form-control-wrap\" data-name=\"your-phone\"><input size=\"40\" maxlength=\"400\" class=\"wpcf7-form-control wpcf7-text\" aria-invalid=\"false\" placeholder=\"Tel\u00e8fon\" value=\"\" type=\"text\" name=\"your-phone\" \/><\/span><\/div>\n\n<span class=\"wpcf7-form-control-wrap\" data-name=\"your-email\"><input size=\"40\" maxlength=\"400\" class=\"wpcf7-form-control wpcf7-email wpcf7-validates-as-required wpcf7-text wpcf7-validates-as-email\" aria-required=\"true\" aria-invalid=\"false\" placeholder=\"Correu electr\u00f2nic *\" value=\"\" type=\"email\" name=\"your-email\" \/><\/span>\n\n<span class=\"wpcf7-form-control-wrap\" data-name=\"your-message\"><textarea cols=\"40\" rows=\"10\" maxlength=\"2000\" class=\"wpcf7-form-control wpcf7-textarea wpcf7-validates-as-required\" aria-required=\"true\" aria-invalid=\"false\" placeholder=\"Missatge *\" name=\"your-message\"><\/textarea><\/span>\n\n<div class=\"MLH_Form\"><strong>Protecci\u00f3 de dades personals.<\/strong>  Utilitzarem les vostres dades per respondre consultes i realitzar an\u00e0lisis estad\u00edstiques. Per a m\u00e9s informaci\u00f3 sobre el tractament i els vostres drets, consulteu la <a href=\"https:\/\/mireiaplech.com\/ca\/politica-de-privacitat-i-avis-legal\/\" rel=\"nofollow\" target=\"_blank\">Pol\u00edtica de Privadesa<\/a>. <\/div>\n\n<div class=\"wpcf7-turnstile cf-turnstile\" data-sitekey=\"0x4AAAAAACWsbMNv8peQdnoq\" data-response-field-name=\"_wpcf7_turnstile_response\"><\/div>\n\n<input class=\"wpcf7-form-control wpcf7-submit has-spinner\" type=\"submit\" value=\"Enviar\" \/><div class=\"wpcf7-response-output\" aria-hidden=\"true\"><\/div>\n<\/form>\n<\/div>\n[\/vc_column][\/vc_row][\/vc_section][vc_section full_width=&#8221;stretch_row_content&#8221; css=&#8221;.vc_custom_1771496564974{padding-top: 0px !important;background-color: #dbdbdb !important;}&#8221; conditional_render=&#8221;%5B%7B%22value_role%22%3A%22administrator%22%7D%5D&#8221; css_params=&#8221;&#8221;][vc_row no_padding=&#8221;yes&#8221; conditional_render=&#8221;%5B%7B%22value_role%22%3A%22administrator%22%7D%5D&#8221; css_params=&#8221;&#8221;][vc_column][vc_raw_html css=&#8221;&#8221; css_params=&#8221;&#8221;]JTNDaWZyYW1lJTIwc3JjJTNEJTIyaHR0cHMlM0ElMkYlMkZ3d3cuZ29vZ2xlLmNvbSUyRm1hcHMlMkZlbWJlZCUzRnBiJTNEJTIxMW0xOCUyMTFtMTIlMjExbTMlMjExZDI5OTIuODkwNzc3MDYwNzA0NyUyMTJkMi4xNTExMjUxJTIxM2Q0MS4zOTgxNzgzJTIxMm0zJTIxMWYwJTIxMmYwJTIxM2YwJTIxM20yJTIxMWkxMDI0JTIxMmk3NjglMjE0ZjEzLjElMjEzbTMlMjExbTIlMjExczB4MTJhNGEzNjEwNjk2MTgxMSUyNTNBMHg4NDliYWM4N2U3MjAyNGFhJTIxMnNMb2dvcGVkYSUyNTIweSUyNTIwcHNpYyUyNUMzJTI1QjNsb2dhJTI1MjBCYXJjZWxvbmElMjUyMCUyNTdDJTI1MjBNaXJlaWElMjUyMFBsZWNoJTIxNWUwJTIxM20yJTIxMXNlcyUyMTJzZXMlMjE0djE3NzE0OTY0OTQ1MjAlMjE1bTIlMjExc2VzJTIxMnNlcyUyMiUyMHdpZHRoJTNEJTIyMTAwJTI1JTIyJTIwaGVpZ2h0JTNEJTIyNTAwJTIyJTIwc3R5bGUlM0QlMjJib3JkZXIlM0EwJTNCJTIyJTIwYWxsb3dmdWxsc2NyZWVuJTNEJTIyJTIyJTIwbG9hZGluZyUzRCUyMmxhenklMjIlMjByZWZlcnJlcnBvbGljeSUzRCUyMm5vLXJlZmVycmVyLXdoZW4tZG93bmdyYWRlJTIyJTIwdGl0bGUlM0QlMjJHb29nbGUlMjBNYXBzJTIyJTNFJTNDJTJGaWZyYW1lJTNF[\/vc_raw_html][\/vc_column][\/vc_row][\/vc_section]<\/p>\n<\/div>","protected":false},"excerpt":{"rendered":"<p>[vc_row][vc_column][vc_custom_heading text=&#8221;Mireia Plech&#8221; font_container=&#8221;tag:h1|text_align:left&#8221; use_theme_fonts=&#8221;yes&#8221; el_class=&#8221;mlh_h1&#8243; css_params=&#8221;&#8221;][\/vc_column][\/vc_row][vc_section full_width=&#8221;stretch_row&#8221; css=&#8221;.vc_custom_1769770037636{padding-top: 80px !important;padding-bottom: 40px !important;}&#8221; conditional_render=&#8221;%5B%7B%22value_role%22%3A%22administrator%22%7D%5D&#8221; css_params=&#8221;&#8221;][vc_row content_placement=&#8221;middle&#8221; conditional_render=&#8221;%5B%7B%22value_role%22%3A%22administrator%22%7D%5D&#8221; css_params=&#8221;&#8221;][vc_column width=&#8221;1\/2&#8243; animation_type=&#8221;fadeInRight&#8221; conditional_render=&#8221;%5B%7B%22value_role%22%3A%22administrator%22%7D%5D&#8221; css_params=&#8221;&#8221;][vc_custom_heading text=&#8221;Hola i benvinguda\/ut!&#8221; use_theme_fonts=&#8221;yes&#8221; css_params=&#8221;&#8221;][vc_column_text css=&#8221;.vc_custom_1771502476031{margin-bottom: 40px !important;}&#8221; css_params=&#8221;&#8221;]S\u00f3c\u00a0Mireia Plech, logopeda i psic\u00f2loga. Acompanyo nens i adolescents en el desenvolupament del seu llenguatge, comunicaci\u00f3 i benestar emocional. El meu objectiu \u00e9s que cadasc\u00fa [&hellip;]<\/p>\n","protected":false},"author":1,"featured_media":0,"parent":0,"menu_order":0,"comment_status":"closed","ping_status":"closed","template":"","meta":{"_seopress_robots_primary_cat":"","_seopress_titles_title":"%%sitetitle%% %%sep%% %%tagline%%","_seopress_titles_desc":"Centre de logop\u00e8dia i psicologia Mireia Plech a Barcelona. Ter\u00e0pia personalitzada per a nens i adults. Millora el teu benestar i comunicaci\u00f3.","_seopress_robots_index":"","_seopress_analysis_target_kw":"","footnotes":""},"class_list":["post-603","page","type-page","status-publish","hentry"],"_links":{"self":[{"href":"https:\/\/mireiaplech.com\/ca\/wp-json\/wp\/v2\/pages\/603","targetHints":{"allow":["GET"]}}],"collection":[{"href":"https:\/\/mireiaplech.com\/ca\/wp-json\/wp\/v2\/pages"}],"about":[{"href":"https:\/\/mireiaplech.com\/ca\/wp-json\/wp\/v2\/types\/page"}],"author":[{"embeddable":true,"href":"https:\/\/mireiaplech.com\/ca\/wp-json\/wp\/v2\/users\/1"}],"replies":[{"embeddable":true,"href":"https:\/\/mireiaplech.com\/ca\/wp-json\/wp\/v2\/comments?post=603"}],"version-history":[{"count":2,"href":"https:\/\/mireiaplech.com\/ca\/wp-json\/wp\/v2\/pages\/603\/revisions"}],"predecessor-version":[{"id":628,"href":"https:\/\/mireiaplech.com\/ca\/wp-json\/wp\/v2\/pages\/603\/revisions\/628"}],"wp:attachment":[{"href":"https:\/\/mireiaplech.com\/ca\/wp-json\/wp\/v2\/media?parent=603"}],"curies":[{"name":"wp","href":"https:\/\/api.w.org\/{rel}","templated":true}]}}